{"id":36,"date":"2026-04-09T05:41:49","date_gmt":"2026-04-09T05:41:49","guid":{"rendered":"https:\/\/ehrlich-investieren.de\/?page_id=36"},"modified":"2026-04-09T07:42:37","modified_gmt":"2026-04-09T07:42:37","slug":"datenschutzerklaerung","status":"publish","type":"page","link":"https:\/\/ehrlich-investieren.de\/?page_id=36","title":{"rendered":"Datenschutzerkl\u00e4rung"},"content":{"rendered":"\t\t<div data-elementor-type=\"wp-page\" data-elementor-id=\"36\" class=\"elementor elementor-36\">\n\t\t\t\t<div class=\"elementor-element elementor-element-3138b388 e-flex e-con-boxed e-con e-parent\" data-id=\"3138b388\" data-element_type=\"container\" data-e-type=\"container\">\n\t\t\t\t\t<div class=\"e-con-inner\">\n\t\t\t\t<div class=\"elementor-element elementor-element-18546090 elementor-widget elementor-widget-text-editor\" data-id=\"18546090\" data-element_type=\"widget\" data-e-type=\"widget\" data-widget_type=\"text-editor.default\">\n\t\t\t\t\t\t\t\t\t\n<p class=\"font-claude-response-body break-words whitespace-normal leading-[1.7]\">Verantwortlicher im Sinne der Datenschutz-Grundverordnung (DSGVO):<\/p>\n<p class=\"font-claude-response-body break-words whitespace-normal leading-[1.7]\">Philipp Schilke<\/p>\n<p class=\"font-claude-response-body break-words whitespace-normal leading-[1.7]\">c\/o IP-Management #9000<\/p>\n<p class=\"font-claude-response-body break-words whitespace-normal leading-[1.7]\">Ludwig-Erhard-Str. 18<\/p>\n<p class=\"font-claude-response-body break-words whitespace-normal leading-[1.7]\">20459 Hamburg<\/p>\n<p class=\"font-claude-response-body break-words whitespace-normal leading-[1.7]\">E-Mail: <a class=\"underline underline underline-offset-2 decoration-1 decoration-current\/40 hover:decoration-current focus:decoration-current\" href=\"mailto:philipp@ehrlich-investieren.de\">philipp@ehrlich-investieren.de<\/a><\/p>\n<hr class=\"border-border-200 border-t-0.5 my-3 mx-1.5\" \/>\n<p class=\"font-claude-response-body break-words whitespace-normal leading-[1.7]\"><strong>2. Hosting und Erhebung von Zugriffsdaten<\/strong><\/p>\n<p class=\"font-claude-response-body break-words whitespace-normal leading-[1.7]\">Diese Website wird gehostet bei: LA Webhosting\u00a0 (<a class=\"underline underline underline-offset-2 decoration-1 decoration-current\/40 hover:decoration-current focus:decoration-current\" href=\"https:\/\/la-webhosting.de\/datenschutz.html\">https:\/\/la-webhosting.de\/datenschutz.html<\/a>)<\/p>\n<p class=\"font-claude-response-body break-words whitespace-normal leading-[1.7]\">Beim Aufruf unserer Website werden durch den Hosting-Anbieter automatisch sogenannte Server-Logfiles erfasst. Dazu geh\u00f6ren IP-Adresse, Datum und Uhrzeit des Zugriffs, aufgerufene URL, \u00fcbertragene Datenmenge und der verwendete Browser. Diese Daten sind technisch notwendig f\u00fcr den Betrieb der Website und werden nicht mit anderen Daten zusammengef\u00fchrt. Rechtsgrundlage: Art. 6 Abs. 1 lit. f DSGVO.<\/p>\n<hr class=\"border-border-200 border-t-0.5 my-3 mx-1.5\" \/>\n<p class=\"font-claude-response-body break-words whitespace-normal leading-[1.7]\"><strong>3. Kontaktaufnahme<\/strong><\/p>\n<p class=\"font-claude-response-body break-words whitespace-normal leading-[1.7]\">Wenn du uns per E-Mail kontaktierst, werden die von dir \u00fcbermittelten Daten (E-Mail-Adresse, ggf. Name und Telefonnummer) gespeichert, um deine Anfrage zu bearbeiten. Diese Daten werden nicht ohne deine Einwilligung weitergegeben. Rechtsgrundlage ist Art. 6 Abs. 1 lit. b DSGVO.<\/p>\n<hr class=\"border-border-200 border-t-0.5 my-3 mx-1.5\" \/>\n<p class=\"font-claude-response-body break-words whitespace-normal leading-[1.7]\"><strong>4. Terminbuchung \u00fcber Calendly<\/strong><\/p>\n<p class=\"font-claude-response-body break-words whitespace-normal leading-[1.7]\">F\u00fcr die Buchung von Gespr\u00e4chen wird der Dienst Calendly (Calendly LLC, 271 17th St NW, Atlanta, GA 30363, USA) eingesetzt. Bei der Terminbuchung werden Name und E-Mail-Adresse an Calendly \u00fcbermittelt. Calendly speichert diese Daten auf Servern in den USA. Es besteht ein Angemessenheitsbeschluss (Data Privacy Framework). Weitere Informationen findest du in der Datenschutzerkl\u00e4rung von Calendly: <a class=\"underline underline underline-offset-2 decoration-1 decoration-current\/40 hover:decoration-current focus:decoration-current\" href=\"https:\/\/calendly.com\/privacy\">https:\/\/calendly.com\/privacy<\/a><\/p>\n<hr class=\"border-border-200 border-t-0.5 my-3 mx-1.5\" \/>\n<p class=\"font-claude-response-body break-words whitespace-normal leading-[1.7]\"><strong>5. Cookies<\/strong><\/p>\n<p class=\"font-claude-response-body break-words whitespace-normal leading-[1.7]\">Diese Website verwendet keine Tracking-Cookies und kein Web-Analytics. Es werden ausschlie\u00dflich technisch notwendige Cookies des Hosting-Anbieters gesetzt.<\/p>\n<hr class=\"border-border-200 border-t-0.5 my-3 mx-1.5\" \/>\n<p class=\"font-claude-response-body break-words whitespace-normal leading-[1.7]\"><strong>6. Deine Rechte<\/strong><\/p>\n<p class=\"font-claude-response-body break-words whitespace-normal leading-[1.7]\">Du hast das Recht auf:<\/p>\n<p class=\"font-claude-response-body break-words whitespace-pre-wrap leading-[1.7]\">Auskunft \u00fcber deine gespeicherten Daten (Art. 15 DSGVO) Berichtigung unrichtiger Daten (Art. 16 DSGVO) L\u00f6schung deiner Daten (Art. 17 DSGVO) Einschr\u00e4nkung der Verarbeitung (Art. 18 DSGVO) Daten\u00fcbertragbarkeit (Art. 20 DSGVO) Widerspruch gegen die Verarbeitung (Art. 21 DSGVO)<\/p>\n<p class=\"font-claude-response-body break-words whitespace-normal leading-[1.7]\">Zur Aus\u00fcbung deiner Rechte wende dich an: <a class=\"underline underline underline-offset-2 decoration-1 decoration-current\/40 hover:decoration-current focus:decoration-current\" href=\"mailto:philipp@ehrlich-investieren.de\">philipp@ehrlich-investieren.de<\/a><\/p>\n<p class=\"font-claude-response-body break-words whitespace-normal leading-[1.7]\">Du hast au\u00dferdem das Recht, dich bei einer Datenschutz-Aufsichtsbeh\u00f6rde zu beschweren. Zust\u00e4ndig f\u00fcr Hamburg:<\/p>\n<p class=\"font-claude-response-body break-words whitespace-normal leading-[1.7]\">Der Hamburgische Beauftragte f\u00fcr Datenschutz und Informationsfreiheit Ludwig-Erhard-Str. 22 20459 Hamburg <a class=\"underline underline underline-offset-2 decoration-1 decoration-current\/40 hover:decoration-current focus:decoration-current\" href=\"https:\/\/www.datenschutz-hamburg.de\">https:\/\/www.datenschutz-hamburg.de<\/a><\/p>\n<hr class=\"border-border-200 border-t-0.5 my-3 mx-1.5\" \/>\n<p class=\"font-claude-response-body break-words whitespace-normal leading-[1.7]\"><strong>7. Aktualit\u00e4t<\/strong><\/p>\n<p class=\"font-claude-response-body break-words whitespace-normal leading-[1.7]\">Diese Datenschutzerkl\u00e4rung ist aktuell g\u00fcltig und hat den Stand April 2026.<\/p>\n\n<p>\u00a0<\/p>\n\t\t\t\t\t\t\t\t<\/div>\n\t\t\t\t\t<\/div>\n\t\t\t\t<\/div>\n\t\t\t\t<\/div>\n\t\t","protected":false},"excerpt":{"rendered":"<p>Verantwortlicher im Sinne der Datenschutz-Grundverordnung (DSGVO): Philipp Schilke c\/o IP-Management #9000 Ludwig-Erhard-Str. 18 20459 Hamburg E-Mail: philipp@ehrlich-investieren.de 2. Hosting und Erhebung von Zugriffsdaten Diese Website wird gehostet bei: LA Webhosting\u00a0 (https:\/\/la-webhosting.de\/datenschutz.html) Beim Aufruf unserer Website werden durch den Hosting-Anbieter automatisch sogenannte Server-Logfiles erfasst. Dazu geh\u00f6ren IP-Adresse, Datum und Uhrzeit des Zugriffs, aufgerufene URL, \u00fcbertragene Datenmenge [&hellip;]<\/p>\n","protected":false},"author":1,"featured_media":0,"parent":0,"menu_order":0,"comment_status":"closed","ping_status":"closed","template":"","meta":{"footnotes":""},"class_list":["post-36","page","type-page","status-publish","hentry"],"_links":{"self":[{"href":"https:\/\/ehrlich-investieren.de\/index.php?rest_route=\/wp\/v2\/pages\/36","targetHints":{"allow":["GET"]}}],"collection":[{"href":"https:\/\/ehrlich-investieren.de\/index.php?rest_route=\/wp\/v2\/pages"}],"about":[{"href":"https:\/\/ehrlich-investieren.de\/index.php?rest_route=\/wp\/v2\/types\/page"}],"author":[{"embeddable":true,"href":"https:\/\/ehrlich-investieren.de\/index.php?rest_route=\/wp\/v2\/users\/1"}],"replies":[{"embeddable":true,"href":"https:\/\/ehrlich-investieren.de\/index.php?rest_route=%2Fwp%2Fv2%2Fcomments&post=36"}],"version-history":[{"count":18,"href":"https:\/\/ehrlich-investieren.de\/index.php?rest_route=\/wp\/v2\/pages\/36\/revisions"}],"predecessor-version":[{"id":69,"href":"https:\/\/ehrlich-investieren.de\/index.php?rest_route=\/wp\/v2\/pages\/36\/revisions\/69"}],"wp:attachment":[{"href":"https:\/\/ehrlich-investieren.de\/index.php?rest_route=%2Fwp%2Fv2%2Fmedia&parent=36"}],"curies":[{"name":"wp","href":"https:\/\/api.w.org\/{rel}","templated":true}]}}