{"id":34,"date":"2026-04-09T05:35:21","date_gmt":"2026-04-09T05:35:21","guid":{"rendered":"https:\/\/ehrlich-investieren.de\/?page_id=34"},"modified":"2026-04-09T07:46:42","modified_gmt":"2026-04-09T07:46:42","slug":"impressum","status":"publish","type":"page","link":"https:\/\/ehrlich-investieren.de\/?page_id=34","title":{"rendered":"Impressum"},"content":{"rendered":"\n<p>Angaben gem\u00e4\u00df \u00a7 5 TMG<\/p>\n\n\n\n<p>Philipp Schilke<br>c\/o IP-Management #9000<br>Ludwig-Erhard-Str. 18<br>20459 Hamburg<\/p>\n\n\n\n<p>E-Mail: philipp@ehrlich-investieren.de<br>Telefon: 0178 6922391<br>Steuernummer: 327\/5187\/2681<\/p>\n\n\n\n<p>Umsatzsteueridentifikationsnummer gem\u00e4\u00df \u00a7 27a UStG:<br>Nicht vorhanden (Kleinunternehmer gem\u00e4\u00df \u00a7 19 UStG)<\/p>\n\n\n\n<p>Berufsbezeichnung und berufsrechtliche Regelungen:<br>Gepr\u00fcfter Finanzanlagenfachmann (IHK)<br>Hinweis: Philipp Schilke ist nicht im Vermittlerregister nach \u00a7 34f GewO eingetragen und erbringt keine Anlageberatung oder Anlagevermittlung im Sinne des Wertpapierhandelsgesetzes (WpHG).<\/p>\n\n\n\n<p>Verantwortlich f\u00fcr den Inhalt nach \u00a7 55 Abs. 2 RStV:<br>Philipp Schilke<br>c\/o IP-Management #9000<br>Ludwig-Erhard-Str. 18<br>20459 Hamburg<\/p>\n\n\n\n<p>Haftungsausschluss:<br>Die Inhalte dieser Website wurden mit gr\u00f6\u00dftm\u00f6glicher Sorgfalt erstellt. F\u00fcr die Richtigkeit, Vollst\u00e4ndigkeit und Aktualit\u00e4t der Inhalte wird jedoch keine Gew\u00e4hr \u00fcbernommen. Als Diensteanbieter sind wir gem\u00e4\u00df \u00a7 7 Abs.1 TMG f\u00fcr eigene Inhalte auf diesen Seiten nach den allgemeinen Gesetzen verantwortlich.<\/p>\n\n\n\n<p>Haftung f\u00fcr Links:<br>Unsere Website enth\u00e4lt Links zu externen Websites Dritter, auf deren Inhalte wir keinen Einfluss haben. Deshalb k\u00f6nnen wir f\u00fcr diese fremden Inhalte auch keine Gew\u00e4hr \u00fcbernehmen. F\u00fcr die Inhalte der verlinkten Seiten ist stets der jeweilige Anbieter oder Betreiber der Seiten verantwortlich.<\/p>\n\n\n\n<p>Urheberrecht:<br>Die durch den Seitenbetreiber erstellten Inhalte und Werke auf diesen Seiten unterliegen dem deutschen Urheberrecht. Die Vervielf\u00e4ltigung, Bearbeitung, Verbreitung und jede Art der Verwertung au\u00dferhalb der Grenzen des Urheberrechtes bed\u00fcrfen der schriftlichen Zustimmung des jeweiligen Autors bzw. Erstellers.<\/p>\n\n\n\n<p>Online-Streitbeilegung<\/p>\n\n\n\n<p>Gem\u00e4\u00df \u00a7 36 VSBG weisen wir darauf hin, dass wir nicht verpflichtet und nicht bereit sind, an einem Streitbeilegungsverfahren vor einer Verbraucherschlichtungsstelle teilzunehmen.<\/p>\n\n\n\n<p>Die Europ\u00e4ische Kommission stellt eine Plattform zur Online-Streitbeilegung bereit: <a href=\"https:\/\/ec.europa.eu\/consumers\/odr\">https:\/\/ec.europa.eu\/consumers\/odr<\/a><\/p>\n","protected":false},"excerpt":{"rendered":"<p>Angaben gem\u00e4\u00df \u00a7 5 TMG Philipp Schilkec\/o IP-Management #9000Ludwig-Erhard-Str. 1820459 Hamburg E-Mail: philipp@ehrlich-investieren.deTelefon: 0178 6922391Steuernummer: 327\/5187\/2681 Umsatzsteueridentifikationsnummer gem\u00e4\u00df \u00a7 27a UStG:Nicht vorhanden (Kleinunternehmer gem\u00e4\u00df \u00a7 19 UStG) Berufsbezeichnung und berufsrechtliche Regelungen:Gepr\u00fcfter Finanzanlagenfachmann (IHK)Hinweis: Philipp Schilke ist nicht im Vermittlerregister nach \u00a7 34f GewO eingetragen und erbringt keine Anlageberatung oder Anlagevermittlung im Sinne des Wertpapierhandelsgesetzes (WpHG). [&hellip;]<\/p>\n","protected":false},"author":1,"featured_media":0,"parent":0,"menu_order":0,"comment_status":"closed","ping_status":"closed","template":"","meta":{"footnotes":""},"class_list":["post-34","page","type-page","status-publish","hentry"],"_links":{"self":[{"href":"https:\/\/ehrlich-investieren.de\/index.php?rest_route=\/wp\/v2\/pages\/34","targetHints":{"allow":["GET"]}}],"collection":[{"href":"https:\/\/ehrlich-investieren.de\/index.php?rest_route=\/wp\/v2\/pages"}],"about":[{"href":"https:\/\/ehrlich-investieren.de\/index.php?rest_route=\/wp\/v2\/types\/page"}],"author":[{"embeddable":true,"href":"https:\/\/ehrlich-investieren.de\/index.php?rest_route=\/wp\/v2\/users\/1"}],"replies":[{"embeddable":true,"href":"https:\/\/ehrlich-investieren.de\/index.php?rest_route=%2Fwp%2Fv2%2Fcomments&post=34"}],"version-history":[{"count":3,"href":"https:\/\/ehrlich-investieren.de\/index.php?rest_route=\/wp\/v2\/pages\/34\/revisions"}],"predecessor-version":[{"id":70,"href":"https:\/\/ehrlich-investieren.de\/index.php?rest_route=\/wp\/v2\/pages\/34\/revisions\/70"}],"wp:attachment":[{"href":"https:\/\/ehrlich-investieren.de\/index.php?rest_route=%2Fwp%2Fv2%2Fmedia&parent=34"}],"curies":[{"name":"wp","href":"https:\/\/api.w.org\/{rel}","templated":true}]}}